{"id":13396,"date":"2014-03-24T10:54:51","date_gmt":"2014-03-24T10:54:51","guid":{"rendered":"http:\/\/demo.qodeinteractive.com\/bridge66\/?page_id=13396"},"modified":"2026-03-26T10:05:35","modified_gmt":"2026-03-26T10:05:35","slug":"about-us","status":"publish","type":"page","link":"https:\/\/kinderladen-ali-baba.de\/?page_id=13396","title":{"rendered":"About Us\/\u00dcber uns"},"content":{"rendered":"<section class=\"wpb-content-wrapper\"><p>[vc_row css_animation=&#8220;&#8220; row_type=&#8220;row&#8220; use_row_as_full_screen_section=&#8220;no&#8220; type=&#8220;grid&#8220; angled_section=&#8220;no&#8220; text_align=&#8220;left&#8220; background_image_as_pattern=&#8220;without_pattern&#8220; padding_top=&#8220;87&#8243; padding_bottom=&#8220;0&#8243; background_color=&#8220;#ffffff&#8220;][vc_column][vc_column_text]<\/p>\n<h2 style=\"text-align: center;\">Teams<\/h2>\n<p>[\/vc_column_text][vc_separator type=&#8220;small&#8220; position=&#8220;center&#8220; down=&#8220;38&#8243; up=&#8220;7&#8243;][vc_column_text]<\/p>\n<p class=\"p1\">Der Kinderladen Ali Baba und seine R\u00e4uber e.V. befindet sich im Kiez von Berlin-Neuk\u00f6lln und umfasst aktuell 4 Einrichtungen &#8211; zwei Krippen und zwei Elementarbereiche. Wir haben zudem einen eigenen F\u00f6rderraum, der f\u00fcr die bereichsspezifische F\u00f6rderung, verschiedene Projekte sowie von unserer Logop\u00e4din und Ergotherapeutin genutzt wird. Zu unserer Kita geh\u00f6ren ebenfalls ein kleiner Vorgarten sowie ein Innenhof mit einen kleinen Spielplatz.<br \/>\n<span class=\"Apple-converted-space\">___________________________________________________________<br \/>\n<\/span><\/p>\n<ul class=\"ul1\">\n<li class=\"li2\">Rainbow<span class=\"Apple-converted-space\">\u00a0<\/span><\/li>\n<\/ul>\n<p class=\"p3\">Unser Elementarbereich \u201eRainbow\u201c bietet Platz f\u00fcr insgesamt 30 Kinder, die von 2 Erzieher:innen und einer Auszubildenden betreut werden. Das junge, sportliche und engagierte Team besteht aus unserer Integrationserzieherin, unser Psychomotorikerin und unserer Klangp\u00e4dagogin. Durch diese Vielfalt an p\u00e4dagogischem Fachwissen k\u00f6nnen die Kinder bestm\u00f6glich gef\u00f6rdert werden. Der Fokus liegt dabei insbesondere auf sportlichen Aktivit\u00e4ten, sowie der Bewegung an der frischen Luft.<\/p>\n<p>___________________________________________________________<\/p>\n<ul class=\"ul1\">\n<li class=\"li2\">Strolche<span class=\"Apple-converted-space\">\u00a0<\/span><\/li>\n<\/ul>\n<p class=\"p3\">Unser Krippenbereich \u201eStrolche\u201c bietet Platz f\u00fcr insgesamt 15 Kinder im Alter von 1 bis 3 Jahren. Die F\u00f6rderung der Selbstst\u00e4ndigkeit und der<span class=\"Apple-converted-space\"> Bindung &amp; Beziehung stehen hier im Vordergrund.<br \/>\n<\/span><\/p>\n<p>___________________________________________________________<\/p>\n<ul class=\"ul1\">\n<li class=\"li2\">Kr\u00fcmelmonster<span class=\"Apple-converted-space\">\u00a0<\/span><\/li>\n<\/ul>\n<p>Unser Elementarbereich \u201eKr\u00fcmelmonster\u201c bietet ebenfalls Platz f\u00fcr insgesamt bis zu 30 Kindern, die von 3 Fachkr\u00e4ften betreut werden. Das junge und dynamische Team besteht aus einer Erzieherin, einer Sozialassistentin und einem Auszubildenden. Der Der Fokus liegt auch hier besonders auf der F\u00f6rderung der individuellen F\u00e4higkeiten eines jeden Kindes in einer sicheren und daf\u00fcr geeigneten Umgebung, sei es in unseren gro\u00dfz\u00fcgigen R\u00e4umlichkeiten oder drau\u00dfen in der Umgebung.<\/p>\n<p>___________________________________________________________<\/p>\n<ul class=\"ul1\">\n<li class=\"li2\">L\u00f6wenzahn<span class=\"Apple-converted-space\">\u00a0<\/span><\/li>\n<\/ul>\n<p>Unser Krippenbereich \u201eL\u00f6wenzahn\u201c bietet ebenfalls Platz f\u00fcr insgesamt 15 Kinder im Alter von 1 bis 3 Jahren. Die F\u00f6rderung der Selbstst\u00e4ndigkeit und der<span class=\"Apple-converted-space\"> Bindung &amp; Beziehung stehen auch hier im Vordergrund.<\/span>[\/vc_column_text][\/vc_column][\/vc_row][vc_row css_animation=&#8220;&#8220; row_type=&#8220;row&#8220; use_row_as_full_screen_section=&#8220;no&#8220; type=&#8220;grid&#8220; angled_section=&#8220;no&#8220; text_align=&#8220;left&#8220; background_image_as_pattern=&#8220;without_pattern&#8220; padding_top=&#8220;87&#8243; padding_bottom=&#8220;34&#8243;][vc_column][vc_column_text]<\/p>\n<h2 style=\"text-align: center;\">Unsere Einrichtungen<\/h2>\n<p>[\/vc_column_text][vc_separator type=&#8220;small&#8220; position=&#8220;center&#8220; down=&#8220;44&#8243; up=&#8220;7&#8243;][vc_row_inner row_type=&#8220;row&#8220; type=&#8220;full_width&#8220; text_align=&#8220;left&#8220; css_animation=&#8220;&#8220;][vc_column_inner width=&#8220;1\/4&#8243;]<div class='q_team'><div class='q_team_inner'><div class='q_team_image'><img itemprop='image' src='https:\/\/kinderladen-ali-baba.de\/wp-content\/uploads\/2023\/05\/DSC00190-scaled.jpg' alt='DSC00190' \/><\/div><div class='q_team_text' ><div class='q_team_text_inner'><div class='q_team_title_holder'><h3 class='q_team_name' style = 'color: #7e2022;'>Rainbow<\/h3><span style = ''>Unser Elementarbereich Rainbow bietet Kindern von 3-6 Jahren Platz.<\/span><\/div><div class='separator small center' style = ''><\/div><\/div><div class='q_team_social_holder'><span class='q_social_icon_holder normal_social' data-color=#7e2022 ><a itemprop='url' href='gmail.com' target='_blank'><i class=\"qode_icon_font_awesome fa fa-envelope-o fa-2x simple_social\" style=\"color: #7e2022;\" ><\/i><\/a><\/span><\/div><\/div><\/div><\/div>[\/vc_column_inner][vc_column_inner width=&#8220;1\/4&#8243;]<div class='q_team'><div class='q_team_inner'><div class='q_team_image'><img itemprop='image' src='https:\/\/kinderladen-ali-baba.de\/wp-content\/uploads\/2023\/05\/DSC00050-scaled.jpg' alt='DSC00050' \/><\/div><div class='q_team_text' ><div class='q_team_text_inner'><div class='q_team_title_holder'><h3 class='q_team_name' style = 'color: #7e2022;'>Strolche<\/h3><span style = ''>Unser Krippenbereich ''Strolche'' bietet Platz f\u00fcr insgesamt 15 Kinder im Alter von 1 bis 3 Jahren.<\/span><\/div><div class='separator small center' style = ''><\/div><\/div><div class='q_team_social_holder'><span class='q_social_icon_holder normal_social' data-color=#7e2022 ><a itemprop='url' href='gmail.com' target='_blank'><i class=\"qode_icon_font_awesome fa fa-envelope-o fa-2x simple_social\" style=\"color: #7e2022;\" ><\/i><\/a><\/span><\/div><\/div><\/div><\/div>[\/vc_column_inner][vc_column_inner width=&#8220;1\/4&#8243;]<div class='q_team'><div class='q_team_inner'><div class='q_team_image'><img itemprop='image' src='https:\/\/kinderladen-ali-baba.de\/wp-content\/uploads\/2023\/05\/DSC00112-scaled.jpg' alt='DSC00112' \/><\/div><div class='q_team_text' ><div class='q_team_text_inner'><div class='q_team_title_holder'><h3 class='q_team_name' style = 'color: #7e2022;'>Kr\u00fcmelmonster<\/h3><span style = ''>Unser Elementarbereich Kr\u00fcmelmonster bietet Kindern von 3-6 Jahren Platz.<\/span><\/div><div class='separator small center' style = ''><\/div><\/div><div class='q_team_social_holder'><span class='q_social_icon_holder normal_social' data-color=#7e2022 ><a itemprop='url' href='gmail.com' target='_blank'><i class=\"qode_icon_font_awesome fa fa-envelope-o fa-2x simple_social\" style=\"color: #7e2022;\" ><\/i><\/a><\/span><\/div><\/div><\/div><\/div>[\/vc_column_inner][vc_column_inner width=&#8220;1\/4&#8243;]<div class='q_team'><div class='q_team_inner'><div class='q_team_image'><img itemprop='image' src='https:\/\/kinderladen-ali-baba.de\/wp-content\/uploads\/2023\/05\/DSC00135-scaled.jpg' alt='DSC00135' \/><\/div><div class='q_team_text' ><div class='q_team_text_inner'><div class='q_team_title_holder'><h3 class='q_team_name' style = 'color: #7e2022;'>L\u00f6wenzahn<\/h3><span style = ''>Unser Krippenbereich L\u00f6wenzahn bietet Platz f\u00fcr 15 Kinder im Alter von 1 bis 3 Jahren.<\/span><\/div><div class='separator small center' style = ''><\/div><\/div><div class='q_team_social_holder'><span class='q_social_icon_holder normal_social' data-color=#7e2022 ><a itemprop='url' href='gmail.com' target=''><i class=\"qode_icon_font_awesome fa fa-envelope-o fa-2x simple_social\" style=\"color: #7e2022;\" ><\/i><\/a><\/span><\/div><\/div><\/div><\/div>[\/vc_column_inner][\/vc_row_inner][\/vc_column][\/vc_row][vc_row css_animation=&#8220;&#8220; row_type=&#8220;row&#8220; use_row_as_full_screen_section=&#8220;no&#8220; type=&#8220;grid&#8220; angled_section=&#8220;no&#8220; text_align=&#8220;left&#8220; background_image_as_pattern=&#8220;without_pattern&#8220; padding_top=&#8220;87&#8243; padding_bottom=&#8220;0&#8243; background_color=&#8220;#ffffff&#8220;][vc_column][vc_column_text]<\/p>\n<h2 style=\"text-align: center;\">Was wir tun<\/h2>\n<p>[\/vc_column_text][vc_separator type=&#8220;small&#8220; position=&#8220;center&#8220; down=&#8220;38&#8243; up=&#8220;7&#8243;][vc_column_text]<\/p>\n<p style=\"text-align: center;\">Neben der professionellen Sprach-, Musik- und Bewegungsf\u00f6rderung bieten wir den Kindern eine Vielfalt an Bastelangeboten, um die Kreativit\u00e4t zu f\u00f6rdern. In speziell daf\u00fcr eingerichteten Ecken darf experimentiert werden. Unsere regelm\u00e4\u00dfigen Ausfl\u00fcge f\u00fchren uns zu verschiedenen Zielen; unter anderem z. B. ins Theater, Museum, in den Zirkus oder Zoo, zum Kinderbauernhof, zum Schwimmen, auf Spielpl\u00e4tze in ganz Berlin und an viele weitere Orte. Unser Ziel ist es, mit diesen Ma\u00dfnahmen die Vorgaben des BBP zu erf\u00fcllen.<\/p>\n<p>[\/vc_column_text][vc_separator type=&#8220;transparent&#8220; up=&#8220;35&#8243; down=&#8220;17&#8243;][\/vc_column][\/vc_row][vc_row css_animation=&#8220;&#8220; row_type=&#8220;row&#8220; use_row_as_full_screen_section=&#8220;no&#8220; type=&#8220;grid&#8220; angled_section=&#8220;no&#8220; text_align=&#8220;left&#8220; background_image_as_pattern=&#8220;without_pattern&#8220; background_color=&#8220;#ffffff&#8220;][vc_column width=&#8220;1\/4&#8243;][vc_row_inner row_type=&#8220;row&#8220; use_as_box=&#8220;use_row_as_box&#8220; type=&#8220;full_width&#8220; text_align=&#8220;left&#8220; css_animation=&#8220;&#8220; padding=&#8220;10&#8243;][vc_column_inner][vc_column_text]<\/p>\n<h5>Ich-Kompetenz<\/h5>\n<p>[\/vc_column_text][vc_separator type=&#8220;small&#8220; position=&#8220;left&#8220; up=&#8220;6&#8243;][vc_column_text][\/vc_column_text][\/vc_column_inner][\/vc_row_inner][vc_separator type=&#8220;transparent&#8220; up=&#8220;39&#8243; down=&#8220;0&#8243;][\/vc_column][vc_column width=&#8220;1\/4&#8243;][vc_row_inner row_type=&#8220;row&#8220; use_as_box=&#8220;use_row_as_box&#8220; type=&#8220;full_width&#8220; text_align=&#8220;left&#8220; css_animation=&#8220;&#8220; padding=&#8220;10&#8243;][vc_column_inner][vc_column_text]<\/p>\n<h5>Soziale Kompetenz<\/h5>\n<p>[\/vc_column_text][vc_separator type=&#8220;small&#8220; position=&#8220;left&#8220; up=&#8220;6&#8243;][vc_column_text][\/vc_column_text][\/vc_column_inner][\/vc_row_inner][vc_separator type=&#8220;transparent&#8220; up=&#8220;39&#8243; down=&#8220;0&#8243;][\/vc_column][vc_column width=&#8220;1\/4&#8243;][vc_row_inner row_type=&#8220;row&#8220; use_as_box=&#8220;use_row_as_box&#8220; type=&#8220;full_width&#8220; text_align=&#8220;left&#8220; css_animation=&#8220;&#8220; padding=&#8220;10&#8243;][vc_column_inner][vc_column_text]<\/p>\n<h5>Sachkompetenz<\/h5>\n<p>[\/vc_column_text][vc_separator type=&#8220;small&#8220; position=&#8220;left&#8220; up=&#8220;6&#8243;][vc_column_text][\/vc_column_text][\/vc_column_inner][\/vc_row_inner][vc_separator type=&#8220;transparent&#8220; up=&#8220;39&#8243; down=&#8220;0&#8243;][\/vc_column][vc_column width=&#8220;1\/4&#8243;][vc_row_inner row_type=&#8220;row&#8220; use_as_box=&#8220;use_row_as_box&#8220; type=&#8220;full_width&#8220; text_align=&#8220;left&#8220; css_animation=&#8220;&#8220; padding=&#8220;10&#8243;][vc_column_inner][vc_column_text]<\/p>\n<h5>Lernmethodische<\/h5>\n<p>[\/vc_column_text][vc_separator type=&#8220;small&#8220; position=&#8220;left&#8220; up=&#8220;6&#8243;][vc_column_text][\/vc_column_text][\/vc_column_inner][\/vc_row_inner][vc_separator type=&#8220;transparent&#8220; up=&#8220;39&#8243; down=&#8220;0&#8243;][\/vc_column][\/vc_row][vc_row css_animation=&#8220;&#8220; row_type=&#8220;row&#8220; use_row_as_full_screen_section=&#8220;no&#8220; type=&#8220;full_width&#8220; angled_section=&#8220;no&#8220; text_align=&#8220;left&#8220; background_image_as_pattern=&#8220;without_pattern&#8220;][vc_column]<div class=\"call_to_action simple\" style=\"background-color: #fff2d1;\"><div class=\"container_inner\"><div class=\"text_wrapper column1\"><div class=\"call_to_action_text  font_weight_inherit\" style=\"font-weight: 400;\">\n<h4><span style=\"color: #7e2022;\">W\u00fcrden Sie gerne mit uns zusammenarbeiten?<\/span><\/h4>\n<\/div><a itemprop=\"url\" href=\"https:\/\/kinderladen-ali-baba.de\/?page_id=1452\" class=\"qbutton white \" target=\"_self\" style=\"color: #fff2d1;background-color: #7e2022;\" data-hover-background-color=#7c4f55 data-hover-color=#fffcf7>Jetz Bewerben<\/a><\/div><\/div><\/div>[\/vc_column][\/vc_row]<\/p>\n<\/section>","protected":false},"excerpt":{"rendered":"<p>[vc_row css_animation=&#8220;&#8220; row_type=&#8220;row&#8220; use_row_as_full_screen_section=&#8220;no&#8220; type=&#8220;grid&#8220; angled_section=&#8220;no&#8220; text_align=&#8220;left&#8220; background_image_as_pattern=&#8220;without_pattern&#8220; padding_top=&#8220;87&#8243; padding_bottom=&#8220;0&#8243; background_color=&#8220;#ffffff&#8220;][vc_column][vc_column_text] Teams [\/vc_column_text][vc_separator type=&#8220;small&#8220; position=&#8220;center&#8220; down=&#8220;38&#8243; up=&#8220;7&#8243;][vc_column_text] Der Kinderladen Ali Baba und seine R\u00e4uber e.V. befindet sich im Kiez von Berlin-Neuk\u00f6lln und umfasst aktuell 4 Einrichtungen &#8211; zwei Krippen und zwei Elementarbereiche. Wir haben zudem&#8230;<\/p>\n","protected":false},"author":1,"featured_media":0,"parent":0,"menu_order":0,"comment_status":"open","ping_status":"open","template":"full_width.php","meta":{"content-type":"","footnotes":""},"class_list":["post-13396","page","type-page","status-publish","hentry"],"_links":{"self":[{"href":"https:\/\/kinderladen-ali-baba.de\/index.php?rest_route=\/wp\/v2\/pages\/13396","targetHints":{"allow":["GET"]}}],"collection":[{"href":"https:\/\/kinderladen-ali-baba.de\/index.php?rest_route=\/wp\/v2\/pages"}],"about":[{"href":"https:\/\/kinderladen-ali-baba.de\/index.php?rest_route=\/wp\/v2\/types\/page"}],"author":[{"embeddable":true,"href":"https:\/\/kinderladen-ali-baba.de\/index.php?rest_route=\/wp\/v2\/users\/1"}],"replies":[{"embeddable":true,"href":"https:\/\/kinderladen-ali-baba.de\/index.php?rest_route=%2Fwp%2Fv2%2Fcomments&post=13396"}],"version-history":[{"count":37,"href":"https:\/\/kinderladen-ali-baba.de\/index.php?rest_route=\/wp\/v2\/pages\/13396\/revisions"}],"predecessor-version":[{"id":15812,"href":"https:\/\/kinderladen-ali-baba.de\/index.php?rest_route=\/wp\/v2\/pages\/13396\/revisions\/15812"}],"wp:attachment":[{"href":"https:\/\/kinderladen-ali-baba.de\/index.php?rest_route=%2Fwp%2Fv2%2Fmedia&parent=13396"}],"curies":[{"name":"wp","href":"https:\/\/api.w.org\/{rel}","templated":true}]}}