{"id":14093,"date":"2014-03-26T14:44:33","date_gmt":"2014-03-26T14:44:33","guid":{"rendered":"http:\/\/demo.qodeinteractive.com\/bridge66\/?page_id=14093"},"modified":"2024-10-28T13:20:57","modified_gmt":"2024-10-28T13:20:57","slug":"programs","status":"publish","type":"page","link":"https:\/\/kinderladen-ali-baba.de\/?page_id=14093","title":{"rendered":"Elternbeteiligung"},"content":{"rendered":"<section class=\"wpb-content-wrapper\"><p>[vc_row css_animation=&#8220;&#8220; row_type=&#8220;row&#8220; use_row_as_full_screen_section=&#8220;no&#8220; type=&#8220;grid&#8220; angled_section=&#8220;no&#8220; text_align=&#8220;left&#8220; background_image_as_pattern=&#8220;without_pattern&#8220; padding_top=&#8220;124&#8243; padding_bottom=&#8220;124&#8243;][vc_column][qode_elements_holder number_of_columns=&#8220;two_columns&#8220;][qode_elements_holder_item advanced_animations=&#8220;no&#8220;][vc_single_image image=&#8220;15722&#8243; img_size=&#8220;full&#8220; qode_css_animation=&#8220;element_from_fade&#8220; transition_delay=&#8220;0.2&#8243;][\/qode_elements_holder_item][qode_elements_holder_item advanced_animations=&#8220;no&#8220; item_padding=&#8220;30px 0px 30px 30px&#8220;][vc_column_text]<\/p>\n<h5>Elternbeteiligung<\/h5>\n<p>[\/vc_column_text][vc_separator type=&#8220;small&#8220; position=&#8220;left&#8220; up=&#8220;5&#8243; down=&#8220;19&#8243;][vc_column_text]<\/p>\n<p class=\"p1\">Eine gut funktionierende Erziehungs- und Bildungspartnerschaft ist uns ausgesprochen wichtig. Deshalb bieten wir neben T\u00fcr- und Angelgespr\u00e4chen, Elternabenden und Entwicklungsgespr\u00e4chen unseren Eltern die M\u00f6glichkeit sich aktiv in das Kila-Geschehen einzubinden, in Form von Lese- und Hasen Paten.<\/p>\n<p>[\/vc_column_text][vc_separator type=&#8220;transparent&#8220; up=&#8220;13&#8243; down=&#8220;0&#8243;][\/qode_elements_holder_item][\/qode_elements_holder][vc_separator type=&#8220;transparent&#8220; up=&#8220;80&#8243; down=&#8220;0&#8243;][qode_elements_holder number_of_columns=&#8220;two_columns&#8220;][qode_elements_holder_item advanced_animations=&#8220;no&#8220; item_padding=&#8220;30px 30px 30px 0px&#8220;][vc_column_text]<\/p>\n<h5>Lese Pate<\/h5>\n<p>[\/vc_column_text][vc_separator type=&#8220;small&#8220; position=&#8220;left&#8220; up=&#8220;5&#8243; down=&#8220;19&#8243;][vc_column_text]<\/p>\n<p class=\"p1\">Wir bieten den Eltern die M\u00f6glichkeit die Sprachf\u00f6rderung unserer Kitakinder zu unterst\u00fctzen. Das Vorlesen ist von wissenschaftlich belegter Relevanz f\u00fcr die Sprachentwicklung der Kinder. In unserem F\u00f6rderraum k\u00f6nnen Eltern oder auch Gro\u00dfeltern kleinen Kindergruppen ein Buch vorlesen und somit aktiv die Entwicklung der Kinder unterst\u00fctzen.<span class=\"Apple-converted-space\">\u00a0<\/span><\/p>\n<p>[\/vc_column_text][vc_separator type=&#8220;transparent&#8220; up=&#8220;13&#8243; down=&#8220;0&#8243;][\/qode_elements_holder_item][qode_elements_holder_item advanced_animations=&#8220;no&#8220;][vc_single_image image=&#8220;15723&#8243; img_size=&#8220;full&#8220; qode_css_animation=&#8220;element_from_fade&#8220; transition_delay=&#8220;0.4&#8243;][\/qode_elements_holder_item][\/qode_elements_holder][vc_separator type=&#8220;transparent&#8220; up=&#8220;80&#8243; down=&#8220;0&#8243;][qode_elements_holder number_of_columns=&#8220;two_columns&#8220;][qode_elements_holder_item advanced_animations=&#8220;no&#8220;][vc_single_image image=&#8220;15724&#8243; img_size=&#8220;full&#8220; qode_css_animation=&#8220;element_from_fade&#8220; transition_delay=&#8220;0.2&#8243;][\/qode_elements_holder_item][qode_elements_holder_item advanced_animations=&#8220;no&#8220; item_padding=&#8220;30px 0px 30px 30px&#8220;][vc_column_text]<\/p>\n<h5>Hasen Pate<\/h5>\n<p>[\/vc_column_text][vc_separator type=&#8220;small&#8220; position=&#8220;left&#8220; up=&#8220;5&#8243; down=&#8220;19&#8243;][vc_column_text]<\/p>\n<p class=\"p1\">Unsere Hasen sind zug\u00e4nglich f\u00fcr alle Kitakinder und sehr zahm. Unter der Woche k\u00fcmmern sich die Kinder gemeinsam mit unseren p\u00e4dagogischen Fachkr\u00e4ften um die Verpflegung der Hasen. An den Wochenenden k\u00f6nnen dies die Eltern gemeinsam mit den Kindern \u00fcbernehmen. Auch f\u00fcr die Schlie\u00dfzeiten freuen wir uns immer \u00fcber engagierte Hasenpaten, welche in dieser Zeit die Hasen aufnehmen oder vor Ort die Hasen f\u00fcttern. Auch \u00fcber Futterspenden, wie \u00fcbrige M\u00f6hren- und Apfelreste freuen sich unsere Hasen sehr. Wir bitten allerdings ausdr\u00fccklich darum, die Hasen nur nach Absprache mit unserem p\u00e4dagogischen Fachpersonal zu f\u00fcttern, um Krankheiten der beiden H\u00e4schen vorzubeugen.<span class=\"Apple-converted-space\">\u00a0<\/span><\/p>\n<p>[\/vc_column_text][vc_separator type=&#8220;transparent&#8220; up=&#8220;13&#8243; down=&#8220;0&#8243;][\/qode_elements_holder_item][\/qode_elements_holder][vc_column_text]<\/p>\n<ul class=\"ul1\">\n<li class=\"li1\">Tipps f\u00fcr Eltern (Empfehlungen Lesetipps, Bastelideen, Spielideen, Gro\u00dfstadtm\u00fctter, Familienzentrum, Kinderschutz-Hotline, Erziehungsberatung etc.)<\/li>\n<\/ul>\n<p>[\/vc_column_text][\/vc_column][\/vc_row]<\/p>\n<\/section>","protected":false},"excerpt":{"rendered":"<p>[vc_row css_animation=&#8220;&#8220; row_type=&#8220;row&#8220; use_row_as_full_screen_section=&#8220;no&#8220; type=&#8220;grid&#8220; angled_section=&#8220;no&#8220; text_align=&#8220;left&#8220; background_image_as_pattern=&#8220;without_pattern&#8220; padding_top=&#8220;124&#8243; padding_bottom=&#8220;124&#8243;][vc_column][qode_elements_holder number_of_columns=&#8220;two_columns&#8220;][qode_elements_holder_item advanced_animations=&#8220;no&#8220;][vc_single_image image=&#8220;15722&#8243; img_size=&#8220;full&#8220; qode_css_animation=&#8220;element_from_fade&#8220; transition_delay=&#8220;0.2&#8243;][\/qode_elements_holder_item][qode_elements_holder_item advanced_animations=&#8220;no&#8220; item_padding=&#8220;30px 0px 30px 30px&#8220;][vc_column_text] Elternbeteiligung [\/vc_column_text][vc_separator type=&#8220;small&#8220; position=&#8220;left&#8220; up=&#8220;5&#8243; down=&#8220;19&#8243;][vc_column_text] Eine gut funktionierende Erziehungs- und Bildungspartnerschaft ist uns ausgesprochen wichtig. Deshalb bieten wir neben T\u00fcr- und Angelgespr\u00e4chen, Elternabenden&#8230;<\/p>\n","protected":false},"author":1,"featured_media":0,"parent":0,"menu_order":0,"comment_status":"open","ping_status":"open","template":"full_width.php","meta":{"content-type":"","footnotes":""},"class_list":["post-14093","page","type-page","status-publish","hentry"],"_links":{"self":[{"href":"https:\/\/kinderladen-ali-baba.de\/index.php?rest_route=\/wp\/v2\/pages\/14093","targetHints":{"allow":["GET"]}}],"collection":[{"href":"https:\/\/kinderladen-ali-baba.de\/index.php?rest_route=\/wp\/v2\/pages"}],"about":[{"href":"https:\/\/kinderladen-ali-baba.de\/index.php?rest_route=\/wp\/v2\/types\/page"}],"author":[{"embeddable":true,"href":"https:\/\/kinderladen-ali-baba.de\/index.php?rest_route=\/wp\/v2\/users\/1"}],"replies":[{"embeddable":true,"href":"https:\/\/kinderladen-ali-baba.de\/index.php?rest_route=%2Fwp%2Fv2%2Fcomments&post=14093"}],"version-history":[{"count":8,"href":"https:\/\/kinderladen-ali-baba.de\/index.php?rest_route=\/wp\/v2\/pages\/14093\/revisions"}],"predecessor-version":[{"id":15756,"href":"https:\/\/kinderladen-ali-baba.de\/index.php?rest_route=\/wp\/v2\/pages\/14093\/revisions\/15756"}],"wp:attachment":[{"href":"https:\/\/kinderladen-ali-baba.de\/index.php?rest_route=%2Fwp%2Fv2%2Fmedia&parent=14093"}],"curies":[{"name":"wp","href":"https:\/\/api.w.org\/{rel}","templated":true}]}}