{"id":1452,"date":"2013-10-16T12:05:38","date_gmt":"2013-10-16T12:05:38","guid":{"rendered":"http:\/\/demo.qodeinteractive.com\/bridge66\/?page_id=1452"},"modified":"2026-01-16T13:32:18","modified_gmt":"2026-01-16T13:32:18","slug":"contact","status":"publish","type":"page","link":"https:\/\/kinderladen-ali-baba.de\/?page_id=1452","title":{"rendered":"Contact Us\/Contact"},"content":{"rendered":"<section class=\"wpb-content-wrapper\"><p>[vc_row css_animation=&#8220;&#8220; row_type=&#8220;row&#8220; use_row_as_full_screen_section=&#8220;no&#8220; type=&#8220;full_width&#8220; angled_section=&#8220;no&#8220; text_align=&#8220;left&#8220; background_image_as_pattern=&#8220;without_pattern&#8220;][vc_column][vc_column_text]<\/p>\n<h5>B\u00fcro<\/h5>\n<p>[\/vc_column_text][vc_separator type=&#8220;transparent&#8220; up=&#8220;6&#8243; down=&#8220;6&#8243;][vc_column_text]<strong>Kranoldstra\u00dfe 1, 12051 Berlin<\/strong><\/p>\n<p><strong>Email: info@kinderladen-ali-baba.de<\/strong><\/p>\n<p><strong>Phone: 030 626 48 71<\/strong><\/p>\n<p><strong>Fax: 030 626 08 196<\/strong><\/p>\n<p class=\"p1\">Unser B\u00fcro ist t\u00e4glich von 9 \u2013 14 Uhr telefonisch zu erreichen.<\/p>\n<p>&nbsp;<\/p>\n<p class=\"p1\"><strong>Eintragungen in die Warteliste vor Ort sind m\u00f6glich:<span class=\"Apple-converted-space\">\u00a0<\/span><\/strong><\/p>\n<p class=\"p1\"><strong>Dienstag 9-12 Uhr und Mittwoch 14-15:30 Uhr<\/strong><\/p>\n<p><strong>Sie k\u00f6nnen auch gerne unser Kontaktformular nutzen.<\/strong><\/p>\n<p>&nbsp;<\/p>\n<p class=\"p1\">F\u00fcr andere Anliegen vereinbaren Sie bitte einen Termin telefonisch oder per E-Mail.<\/p>\n<p>[\/vc_column_text][vc_separator type=&#8220;transparent&#8220; up=&#8220;6&#8243; down=&#8220;6&#8243;][\/vc_column][\/vc_row]<\/p>\n<\/section>","protected":false},"excerpt":{"rendered":"<p>[vc_row css_animation=&#8220;&#8220; row_type=&#8220;row&#8220; use_row_as_full_screen_section=&#8220;no&#8220; type=&#8220;full_width&#8220; angled_section=&#8220;no&#8220; text_align=&#8220;left&#8220; background_image_as_pattern=&#8220;without_pattern&#8220;][vc_column][vc_column_text] B\u00fcro [\/vc_column_text][vc_separator type=&#8220;transparent&#8220; up=&#8220;6&#8243; down=&#8220;6&#8243;][vc_column_text]Kranoldstra\u00dfe 1, 12051 Berlin Email: info@kinderladen-ali-baba.de Phone: 030 626 48 71 Fax: 030 626 08 196 Unser B\u00fcro ist t\u00e4glich von 9 \u2013 14 Uhr telefonisch zu erreichen. &nbsp; Eintragungen in die Warteliste&#8230;<\/p>\n","protected":false},"author":1,"featured_media":0,"parent":0,"menu_order":0,"comment_status":"open","ping_status":"open","template":"contact-page.php","meta":{"content-type":"","footnotes":""},"class_list":["post-1452","page","type-page","status-publish","hentry"],"_links":{"self":[{"href":"https:\/\/kinderladen-ali-baba.de\/index.php?rest_route=\/wp\/v2\/pages\/1452","targetHints":{"allow":["GET"]}}],"collection":[{"href":"https:\/\/kinderladen-ali-baba.de\/index.php?rest_route=\/wp\/v2\/pages"}],"about":[{"href":"https:\/\/kinderladen-ali-baba.de\/index.php?rest_route=\/wp\/v2\/types\/page"}],"author":[{"embeddable":true,"href":"https:\/\/kinderladen-ali-baba.de\/index.php?rest_route=\/wp\/v2\/users\/1"}],"replies":[{"embeddable":true,"href":"https:\/\/kinderladen-ali-baba.de\/index.php?rest_route=%2Fwp%2Fv2%2Fcomments&post=1452"}],"version-history":[{"count":11,"href":"https:\/\/kinderladen-ali-baba.de\/index.php?rest_route=\/wp\/v2\/pages\/1452\/revisions"}],"predecessor-version":[{"id":15557,"href":"https:\/\/kinderladen-ali-baba.de\/index.php?rest_route=\/wp\/v2\/pages\/1452\/revisions\/15557"}],"wp:attachment":[{"href":"https:\/\/kinderladen-ali-baba.de\/index.php?rest_route=%2Fwp%2Fv2%2Fmedia&parent=1452"}],"curies":[{"name":"wp","href":"https:\/\/api.w.org\/{rel}","templated":true}]}}