{"id":14869,"date":"2014-05-20T07:51:11","date_gmt":"2014-05-20T07:51:11","guid":{"rendered":"http:\/\/demo.qodeinteractive.com\/bridge66\/?page_id=14869"},"modified":"2026-01-16T13:16:02","modified_gmt":"2026-01-16T13:16:02","slug":"home","status":"publish","type":"page","link":"https:\/\/kinderladen-ali-baba.de\/","title":{"rendered":"Home"},"content":{"rendered":"<section class=\"wpb-content-wrapper\"><p>[vc_row css_animation=&#8220;&#8220; row_type=&#8220;row&#8220; use_row_as_full_screen_section=&#8220;no&#8220; type=&#8220;grid&#8220; angled_section=&#8220;no&#8220; text_align=&#8220;left&#8220; background_image_as_pattern=&#8220;without_pattern&#8220; padding_top=&#8220;120&#8243; padding_bottom=&#8220;5&#8243; z_index=&#8220;&#8220;][vc_column width=&#8220;1\/3&#8243;][vc_single_image image=&#8220;15549&#8243; img_size=&#8220;full&#8220; onclick=&#8220;custom_link&#8220; qode_css_animation=&#8220;&#8220; link=&#8220;http:\/\/demo.qodeinteractive.com\/bridge66\/programmes\/&#8220;][vc_separator type=&#8220;transparent&#8220; up=&#8220;24&#8243; down=&#8220;0&#8243;][vc_column_text]<\/p>\n<h5 style=\"text-align: left;\"><span style=\"color: #7e2022;\">P\u00e4dagogische Fachkr\u00e4fte<\/span><\/h5>\n<p>[\/vc_column_text][vc_separator type=&#8220;normal&#8220; up=&#8220;5&#8243; down=&#8220;19&#8243;][vc_column_text]<\/p>\n<p class=\"p1\" style=\"text-align: left;\">Unser Team besteht aus Sozial Assistentinnen, Erzieher:innen, einer Klangp\u00e4dagoging, I-Erzieherin und Psychomotorikerin, sowie unserer p\u00e4dagogischen Leitung und nat\u00fcrlich unseren Auszubildenden.<\/p>\n<p>[\/vc_column_text][vc_separator type=&#8220;transparent&#8220; up=&#8220;13&#8243; down=&#8220;0&#8243;]<div class=\"custom_font_holder\" style=\"font-family: Open Sans; font-size: 13px; line-height: 36px; font-style: normal; font-weight: 400; text-decoration: none; letter-spacing: 1px; text-align: left;\"><\/div>[vc_separator type=&#8220;transparent&#8220; up=&#8220;49&#8243; down=&#8220;0&#8243;][\/vc_column][vc_column width=&#8220;1\/3&#8243;][vc_single_image image=&#8220;15550&#8243; img_size=&#8220;full&#8220; onclick=&#8220;custom_link&#8220; qode_css_animation=&#8220;&#8220; link=&#8220;http:\/\/demo.qodeinteractive.com\/bridge66\/our-team\/&#8220;][vc_separator type=&#8220;transparent&#8220; up=&#8220;24&#8243; down=&#8220;0&#8243;][vc_column_text]<\/p>\n<h5 style=\"text-align: left;\"><span style=\"color: #7e2022;\">Logop\u00e4die<\/span><\/h5>\n<p>[\/vc_column_text][vc_separator type=&#8220;normal&#8220; up=&#8220;5&#8243; down=&#8220;19&#8243;][vc_column_text]<\/p>\n<p class=\"p1\" style=\"text-align: left;\">Seit mehreren Jahren arbeiten wir mit einer Logop\u00e4din zusammen, welche immer mittwochs in unserem F\u00f6rderraum Kinder aus unseren Gruppen betreuen kann.<span class=\"Apple-converted-space\">\u00a0<\/span><\/p>\n<p>[\/vc_column_text][vc_separator type=&#8220;transparent&#8220; up=&#8220;13&#8243; down=&#8220;0&#8243;]<div class=\"custom_font_holder\" style=\"font-family: Open Sans; font-size: 13px; line-height: 36px; font-style: normal; font-weight: 400; text-decoration: none; letter-spacing: 1px; text-align: left;\"><\/div>[vc_separator type=&#8220;transparent&#8220; up=&#8220;49&#8243; down=&#8220;0&#8243;][\/vc_column][vc_column width=&#8220;1\/3&#8243;][vc_single_image image=&#8220;15553&#8243; img_size=&#8220;full&#8220; onclick=&#8220;custom_link&#8220; qode_css_animation=&#8220;&#8220; link=&#8220;http:\/\/demo.qodeinteractive.com\/bridge66\/programmes\/&#8220;][vc_separator type=&#8220;transparent&#8220; up=&#8220;24&#8243; down=&#8220;0&#8243;][vc_column_text]<\/p>\n<h5 style=\"text-align: left;\"><span style=\"color: #7e2022;\">Ergotherapie<\/span><\/h5>\n<p>[\/vc_column_text][vc_separator type=&#8220;normal&#8220; up=&#8220;5&#8243; down=&#8220;19&#8243;][vc_column_text]<\/p>\n<p class=\"p1\" style=\"text-align: left;\">Seit mehreren Jahren arbeiten wir mit einer Logop\u00e4din zusammen, welche immer mittwochs in unserem F\u00f6rderraum Kinder aus unseren Gruppen betreuen kann.<\/p>\n<p>[\/vc_column_text][vc_separator type=&#8220;transparent&#8220; up=&#8220;13&#8243; down=&#8220;0&#8243;]<div class=\"custom_font_holder\" style=\"font-family: Open Sans; font-size: 13px; line-height: 36px; font-style: normal; font-weight: 400; text-decoration: none; letter-spacing: 1px; text-align: left;\"><\/div>[vc_separator type=&#8220;transparent&#8220; up=&#8220;49&#8243; down=&#8220;0&#8243;][\/vc_column][\/vc_row][vc_row css_animation=&#8220;&#8220; row_type=&#8220;row&#8220; use_row_as_full_screen_section=&#8220;no&#8220; type=&#8220;grid&#8220; angled_section=&#8220;no&#8220; text_align=&#8220;left&#8220; background_image_as_pattern=&#8220;without_pattern&#8220; padding_top=&#8220;60&#8243; padding_bottom=&#8220;5&#8243; z_index=&#8220;&#8220;][vc_column width=&#8220;1\/3&#8243;][vc_single_image image=&#8220;15564&#8243; img_size=&#8220;full&#8220; onclick=&#8220;custom_link&#8220; qode_css_animation=&#8220;&#8220; link=&#8220;http:\/\/demo.qodeinteractive.com\/bridge66\/programmes\/&#8220;][vc_separator type=&#8220;transparent&#8220; up=&#8220;49&#8243; down=&#8220;0&#8243;][vc_column_text]<\/p>\n<h5 style=\"text-align: left;\"><span style=\"color: #7e2022;\">unsere K\u00fcchenfeen<\/span><\/h5>\n<p>[\/vc_column_text][vc_separator type=&#8220;normal&#8220; up=&#8220;5&#8243; down=&#8220;19&#8243;][vc_column_text]<\/p>\n<p class=\"p1\" style=\"text-align: left;\">Unsere K\u00fcchenfeen zaubern jeden Tag frisches Essen. Dabei ist uns eine gesunde und ausgewogene Ern\u00e4hrung besonders wichtig. Wir beziehen au\u00dferdem unser Fleisch ausschlie\u00dflich von einem muslimischen Fleischer.<\/p>\n<p>[\/vc_column_text][vc_separator type=&#8220;transparent&#8220; up=&#8220;13&#8243; down=&#8220;0&#8243;]<div class=\"custom_font_holder\" style=\"font-family: Open Sans; font-size: 13px; line-height: 36px; font-style: normal; font-weight: 400; text-decoration: none; letter-spacing: 1px; text-align: left;\"><\/div>[vc_separator type=&#8220;transparent&#8220; up=&#8220;49&#8243; down=&#8220;0&#8243;][\/vc_column][vc_column width=&#8220;1\/3&#8243;][vc_single_image image=&#8220;15567&#8243; img_size=&#8220;full&#8220; alignment=&#8220;center&#8220; onclick=&#8220;custom_link&#8220; qode_css_animation=&#8220;&#8220; link=&#8220;http:\/\/demo.qodeinteractive.com\/bridge66\/gallery\/&#8220;][vc_separator type=&#8220;transparent&#8220; up=&#8220;49&#8243; down=&#8220;0&#8243;][vc_column_text]<\/p>\n<h5 style=\"text-align: left;\"><span style=\"color: #7e2022;\">Hausmeister<\/span><\/h5>\n<p>[\/vc_column_text][vc_separator type=&#8220;normal&#8220; up=&#8220;5&#8243; down=&#8220;19&#8243;][vc_column_text]<\/p>\n<p class=\"p1\" style=\"text-align: left;\">Er sorgt daf\u00fcr, dass unsere K\u00fcchenfeen immer frische Nahrungsmittel parat haben, kauft f\u00fcr die Einrichtungen alles f\u00fcr ein ausgewogenes Fr\u00fchst\u00fcck und Vesper ein und h\u00e4lt die Ausstattung unserer Einrichtungen in Stand.<span class=\"Apple-converted-space\">\u00a0<\/span><\/p>\n<p>[\/vc_column_text][vc_separator type=&#8220;transparent&#8220; up=&#8220;13&#8243; down=&#8220;0&#8243;]<div class=\"custom_font_holder\" style=\"font-family: Open Sans; font-size: 13px; line-height: 36px; font-style: normal; font-weight: 400; text-decoration: none; letter-spacing: 1px; text-align: left;\"><\/div>[vc_separator type=&#8220;transparent&#8220; up=&#8220;49&#8243; down=&#8220;0&#8243;][\/vc_column][vc_column width=&#8220;1\/3&#8243;][vc_single_image image=&#8220;15569&#8243; img_size=&#8220;full&#8220; alignment=&#8220;center&#8220; onclick=&#8220;custom_link&#8220; qode_css_animation=&#8220;&#8220; link=&#8220;http:\/\/demo.qodeinteractive.com\/bridge66\/our-team\/&#8220;][vc_separator type=&#8220;transparent&#8220; up=&#8220;49&#8243; down=&#8220;0&#8243;][vc_column_text]<\/p>\n<h5 style=\"text-align: left;\"><span style=\"color: #7e2022;\">Gesch\u00e4ftsleitung<\/span><\/h5>\n<p>[\/vc_column_text][vc_separator type=&#8220;normal&#8220; up=&#8220;5&#8243; down=&#8220;19&#8243;][vc_column_text]<\/p>\n<p class=\"p1\" style=\"text-align: left;\">Unsere Gesch\u00e4ftsleitung hat langj\u00e4hrige Erfahrung als Erzieherin, Gestaltp\u00e4dagogin, Leiterin und Mutter.<\/p>\n<p>[\/vc_column_text][vc_separator type=&#8220;transparent&#8220; up=&#8220;13&#8243; down=&#8220;0&#8243;]<div class=\"custom_font_holder\" style=\"font-family: Open Sans; font-size: 13px; line-height: 36px; font-style: normal; font-weight: 400; text-decoration: none; letter-spacing: 1px; text-align: left;\"><a href=\"https:\/\/kinderladen-ali-baba.de\/\">READ MORE<\/a><\/div>[vc_separator type=&#8220;transparent&#8220; up=&#8220;49&#8243; down=&#8220;0&#8243;][\/vc_column][\/vc_row][vc_row css_animation=&#8220;&#8220; row_type=&#8220;row&#8220; use_row_as_full_screen_section=&#8220;no&#8220; type=&#8220;full_width&#8220; angled_section=&#8220;no&#8220; text_align=&#8220;left&#8220; background_image_as_pattern=&#8220;without_pattern&#8220;][vc_column width=&#8220;1\/3&#8243;]<div class=\"q_image_with_text_over q_iwto_hover\"><div class=\"shader\" ><\/div><div class=\"shader_hover\" style=\"background-color: #7c3e41\"><\/div><img decoding=\"async\" itemprop=\"image\" src=\"https:\/\/kinderladen-ali-baba.de\/wp-content\/uploads\/2023\/05\/DSC00183-scaled.jpg\" alt=\"Fr\u00fchling\" \/><div class=\"text\"><table><tr><td><h3 class=\"caption no_icon\" style=\"font-size: 40px;\">Fr\u00fchling<\/h3><\/td><\/tr><\/table><table><tr><td><div class=\"desc\">Im Fr\u00fchling pflanzen wir mit den Kindern Blumen und Kr\u00e4uter.<\/div><\/td><\/tr><\/table><\/div><\/div>[\/vc_column][vc_column width=&#8220;1\/3&#8243;]<div class=\"q_image_with_text_over q_iwto_hover\"><div class=\"shader\" ><\/div><div class=\"shader_hover\" style=\"background-color: #7c3e41\"><\/div><img decoding=\"async\" itemprop=\"image\" src=\"https:\/\/kinderladen-ali-baba.de\/wp-content\/uploads\/2023\/05\/DSC00180-scaled.jpg\" alt=\"Kaninchen\" \/><div class=\"text\"><table><tr><td><h3 class=\"caption no_icon\" style=\"font-size: 40px;\">Kaninchen<\/h3><\/td><\/tr><\/table><table><tr><td><div class=\"desc\">Wir f\u00fcttern unsere Kaninchen im Garten mit den Kindern.<\/div><\/td><\/tr><\/table><\/div><\/div>[\/vc_column][vc_column width=&#8220;1\/3&#8243;]<div class=\"q_image_with_text_over q_iwto_hover\"><div class=\"shader\" ><\/div><div class=\"shader_hover\" style=\"background-color: #7c3e41\"><\/div><img decoding=\"async\" itemprop=\"image\" src=\"https:\/\/kinderladen-ali-baba.de\/wp-content\/uploads\/2023\/05\/DSC00202-scaled.jpg\" alt=\"Herbst\" \/><div class=\"text\"><table><tr><td><h3 class=\"caption no_icon\" style=\"font-size: 40px;\">Herbst<\/h3><\/td><\/tr><\/table><table><tr><td><div class=\"desc\">Im Herbst sammeln wir abgefallene Bl\u00e4tter und Eicheln und unternehmen kreative Aktivit\u00e4ten.<\/div><\/td><\/tr><\/table><\/div><\/div>[\/vc_column][\/vc_row][vc_row css_animation=&#8220;&#8220; row_type=&#8220;row&#8220; use_row_as_full_screen_section=&#8220;no&#8220; type=&#8220;grid&#8220; angled_section=&#8220;no&#8220; text_align=&#8220;left&#8220; background_image_as_pattern=&#8220;without_pattern&#8220; padding_top=&#8220;86&#8243; padding_bottom=&#8220;50&#8243;][vc_column][vc_column_text][\/vc_column_text][vc_separator type=&#8220;transparent&#8220; up=&#8220;29&#8243; down=&#8220;0&#8243;][vc_row_inner row_type=&#8220;row&#8220; type=&#8220;full_width&#8220; text_align=&#8220;left&#8220; css_animation=&#8220;&#8220;][vc_column_inner width=&#8220;1\/3&#8243;][vc_single_image image=&#8220;15742&#8243; img_size=&#8220;full&#8220; alignment=&#8220;center&#8220; qode_css_animation=&#8220;&#8220;][vc_separator type=&#8220;transparent&#8220;][vc_column_text][\/vc_column_text][vc_separator type=&#8220;normal&#8220; down=&#8220;19&#8243;][vc_column_text][\/vc_column_text][vc_separator type=&#8220;transparent&#8220; up=&#8220;10&#8243; down=&#8220;0&#8243;][vc_separator type=&#8220;transparent&#8220; up=&#8220;56&#8243; down=&#8220;0&#8243;][\/vc_column_inner][vc_column_inner width=&#8220;1\/3&#8243;][vc_single_image image=&#8220;15564&#8243; img_size=&#8220;full&#8220; alignment=&#8220;center&#8220; qode_css_animation=&#8220;&#8220;][vc_separator type=&#8220;transparent&#8220;][vc_column_text][\/vc_column_text][vc_separator type=&#8220;normal&#8220; down=&#8220;19&#8243;][vc_column_text][\/vc_column_text][vc_separator type=&#8220;transparent&#8220; up=&#8220;10&#8243; down=&#8220;0&#8243;][vc_separator type=&#8220;transparent&#8220; up=&#8220;56&#8243; down=&#8220;0&#8243;][\/vc_column_inner][vc_column_inner width=&#8220;1\/3&#8243;][vc_single_image image=&#8220;15740&#8243; img_size=&#8220;full&#8220; alignment=&#8220;center&#8220; qode_css_animation=&#8220;&#8220;][vc_separator type=&#8220;transparent&#8220;][vc_column_text][\/vc_column_text][vc_separator type=&#8220;normal&#8220; down=&#8220;19&#8243;][vc_column_text][\/vc_column_text][vc_separator type=&#8220;transparent&#8220; up=&#8220;10&#8243; down=&#8220;0&#8243;][vc_separator type=&#8220;transparent&#8220; up=&#8220;56&#8243; down=&#8220;0&#8243;][\/vc_column_inner][\/vc_row_inner][\/vc_column][\/vc_row]<\/p>\n<\/section>","protected":false},"excerpt":{"rendered":"<p>[vc_row css_animation=&#8220;&#8220; row_type=&#8220;row&#8220; use_row_as_full_screen_section=&#8220;no&#8220; type=&#8220;grid&#8220; angled_section=&#8220;no&#8220; text_align=&#8220;left&#8220; background_image_as_pattern=&#8220;without_pattern&#8220; padding_top=&#8220;120&#8243; padding_bottom=&#8220;5&#8243; z_index=&#8220;&#8220;][vc_column width=&#8220;1\/3&#8243;][vc_single_image image=&#8220;15549&#8243; img_size=&#8220;full&#8220; onclick=&#8220;custom_link&#8220; qode_css_animation=&#8220;&#8220; link=&#8220;http:\/\/demo.qodeinteractive.com\/bridge66\/programmes\/&#8220;][vc_separator type=&#8220;transparent&#8220; up=&#8220;24&#8243; down=&#8220;0&#8243;][vc_column_text] P\u00e4dagogische Fachkr\u00e4fte [\/vc_column_text][vc_separator type=&#8220;normal&#8220; up=&#8220;5&#8243; down=&#8220;19&#8243;][vc_column_text] Unser Team besteht aus Sozial Assistentinnen, Erzieher:innen, einer Klangp\u00e4dagoging, I-Erzieherin und Psychomotorikerin, sowie unserer p\u00e4dagogischen Leitung und nat\u00fcrlich unseren&#8230;<\/p>\n","protected":false},"author":1,"featured_media":0,"parent":0,"menu_order":0,"comment_status":"open","ping_status":"open","template":"full_width.php","meta":{"content-type":"","footnotes":""},"class_list":["post-14869","page","type-page","status-publish","hentry"],"_links":{"self":[{"href":"https:\/\/kinderladen-ali-baba.de\/index.php?rest_route=\/wp\/v2\/pages\/14869","targetHints":{"allow":["GET"]}}],"collection":[{"href":"https:\/\/kinderladen-ali-baba.de\/index.php?rest_route=\/wp\/v2\/pages"}],"about":[{"href":"https:\/\/kinderladen-ali-baba.de\/index.php?rest_route=\/wp\/v2\/types\/page"}],"author":[{"embeddable":true,"href":"https:\/\/kinderladen-ali-baba.de\/index.php?rest_route=\/wp\/v2\/users\/1"}],"replies":[{"embeddable":true,"href":"https:\/\/kinderladen-ali-baba.de\/index.php?rest_route=%2Fwp%2Fv2%2Fcomments&post=14869"}],"version-history":[{"count":66,"href":"https:\/\/kinderladen-ali-baba.de\/index.php?rest_route=\/wp\/v2\/pages\/14869\/revisions"}],"predecessor-version":[{"id":15803,"href":"https:\/\/kinderladen-ali-baba.de\/index.php?rest_route=\/wp\/v2\/pages\/14869\/revisions\/15803"}],"wp:attachment":[{"href":"https:\/\/kinderladen-ali-baba.de\/index.php?rest_route=%2Fwp%2Fv2%2Fmedia&parent=14869"}],"curies":[{"name":"wp","href":"https:\/\/api.w.org\/{rel}","templated":true}]}}